{"id":185,"date":"2024-06-04T16:32:09","date_gmt":"2024-06-04T14:32:09","guid":{"rendered":"https:\/\/abbae.fr\/?page_id=185"},"modified":"2024-06-04T16:32:55","modified_gmt":"2024-06-04T14:32:55","slug":"mentions-legales","status":"publish","type":"page","link":"https:\/\/abbae.fr\/index.php\/mentions-legales\/","title":{"rendered":"Mentions L\u00e9gales"},"content":{"rendered":"\n<h3 class=\"wp-block-heading\">Editeur du site<\/h3>\n\n\n\n<ul class=\"wp-block-list\">\n<li><strong>D\u00e9nomination et raison sociale : <\/strong>ABB ARCHITECTURE ESPACE &#8211; SARL<\/li>\n<\/ul>\n\n\n\n<ul class=\"wp-block-list\">\n<li><strong>Montant du capital social : <\/strong>1000\u20ac<\/li>\n<\/ul>\n\n\n\n<ul class=\"wp-block-list\">\n<li><strong>RCS : <\/strong>912 079 621 R.C.S. Pontoise<\/li>\n<\/ul>\n\n\n\n<ul class=\"wp-block-list\">\n<li><strong>Repr\u00e9sentant l\u00e9gal : <\/strong>Maria-Amparo Bellver Blasco<\/li>\n<\/ul>\n\n\n\n<ul class=\"wp-block-list\">\n<li><strong>Adresse du si\u00e8ge social : <\/strong>9 RUE DE L\u2019OURCQ, 95460 EZANVILLE<\/li>\n<\/ul>\n\n\n\n<ul class=\"wp-block-list\">\n<li><strong>Num\u00e9ro de SIREN : <\/strong>912079621<\/li>\n<\/ul>\n\n\n\n<ul class=\"wp-block-list\">\n<li><strong>Num\u00e9ro de TVA : <\/strong>FR19912079621<\/li>\n<\/ul>\n\n\n\n<h3 class=\"wp-block-heading\">Pour entrer en contact facilement avec l&rsquo;\u00e9diteur du site<\/h3>\n\n\n\n<ul class=\"wp-block-list\">\n<li><strong>T\u00e9l\u00e9phone : <\/strong>06 27 38 28 00<\/li>\n<\/ul>\n\n\n\n<ul class=\"wp-block-list\">\n<li><strong>Adresse email : <\/strong><a href=\"mailto:abb@abbae.fr\">abb@abbae.fr<\/a><\/li>\n<\/ul>\n\n\n\n<h3 class=\"wp-block-heading\">Membre d&rsquo;une profession r\u00e9glement\u00e9e<\/h3>\n\n\n\n<p><strong>La r\u00e9f\u00e9rence aux r\u00e8gles professionnelles applicables est :<\/strong><\/p>\n\n\n\n<ul class=\"wp-block-list\">\n<li><strong>Titre professionnel : <\/strong>Architecte<\/li>\n<\/ul>\n\n\n\n<ul class=\"wp-block-list\">\n<li><strong>Pays dans lequel il vous a \u00e9t\u00e9 octroy\u00e9 et le nom de l&rsquo;ordre ou de l&rsquo;organisme professionnel aupr\u00e8s duquel votre activit\u00e9 est inscrite : <\/strong>Ordre des architectes de la r\u00e9gion ILE-DEFRANCE, sous le n\u00b0 d\u2019Ordre S23175<\/li>\n<\/ul>\n\n\n\n<h3 class=\"wp-block-heading\">Responsable de la r\u00e9daction<\/h3>\n\n\n\n<ul class=\"wp-block-list\">\n<li><strong>Le responsable de la r\u00e9daction est : <\/strong>Maria-Amparo Bellver Blasco<\/li>\n<\/ul>\n\n\n\n<h3 class=\"wp-block-heading\">Directeur de publication<\/h3>\n\n\n\n<ul class=\"wp-block-list\">\n<li><strong>Le directeur de publication est : <\/strong>Maria-Amparo Bellver Blasco<\/li>\n<\/ul>\n\n\n\n<h3 class=\"wp-block-heading\">H\u00e9bergeur du site<\/h3>\n\n\n\n<p>Ce site est h\u00e9berg\u00e9 par :<\/p>\n\n\n\n<ul class=\"wp-block-list\">\n<li><strong>Nom : <\/strong>HOSTINGER, UAB<\/li>\n<\/ul>\n\n\n\n<ul class=\"wp-block-list\">\n<li><strong>Adresse compl\u00e8te : <\/strong>Rue Jonavos 60C &#8211; Kaunas 44192 &#8211; (Lituanie)<\/li>\n<\/ul>\n\n\n\n<ul class=\"wp-block-list\">\n<li><strong>Num\u00e9ro de t\u00e9l\u00e9phone : <\/strong>+37064503378<\/li>\n<\/ul>\n","protected":false},"excerpt":{"rendered":"<p>Editeur du site Pour entrer en contact facilement avec l&rsquo;\u00e9diteur du site Membre d&rsquo;une profession r\u00e9glement\u00e9e La r\u00e9f\u00e9rence aux r\u00e8gles professionnelles applicables est : Responsable de<span class=\"excerpt-hellip\"> [\u2026]<\/span><\/p>\n","protected":false},"author":2,"featured_media":0,"parent":0,"menu_order":0,"comment_status":"closed","ping_status":"closed","template":"","meta":{"footnotes":""},"class_list":["post-185","page","type-page","status-publish","hentry"],"aioseo_notices":[],"_links":{"self":[{"href":"https:\/\/abbae.fr\/index.php\/wp-json\/wp\/v2\/pages\/185","targetHints":{"allow":["GET"]}}],"collection":[{"href":"https:\/\/abbae.fr\/index.php\/wp-json\/wp\/v2\/pages"}],"about":[{"href":"https:\/\/abbae.fr\/index.php\/wp-json\/wp\/v2\/types\/page"}],"author":[{"embeddable":true,"href":"https:\/\/abbae.fr\/index.php\/wp-json\/wp\/v2\/users\/2"}],"replies":[{"embeddable":true,"href":"https:\/\/abbae.fr\/index.php\/wp-json\/wp\/v2\/comments?post=185"}],"version-history":[{"count":3,"href":"https:\/\/abbae.fr\/index.php\/wp-json\/wp\/v2\/pages\/185\/revisions"}],"predecessor-version":[{"id":189,"href":"https:\/\/abbae.fr\/index.php\/wp-json\/wp\/v2\/pages\/185\/revisions\/189"}],"wp:attachment":[{"href":"https:\/\/abbae.fr\/index.php\/wp-json\/wp\/v2\/media?parent=185"}],"curies":[{"name":"wp","href":"https:\/\/api.w.org\/{rel}","templated":true}]}}