{"id":192,"date":"2024-06-04T16:34:36","date_gmt":"2024-06-04T14:34:36","guid":{"rendered":"https:\/\/abbae.fr\/?page_id=192"},"modified":"2024-06-04T16:34:37","modified_gmt":"2024-06-04T14:34:37","slug":"conditions-generales-dutilisation-cgu","status":"publish","type":"page","link":"https:\/\/abbae.fr\/index.php\/conditions-generales-dutilisation-cgu\/","title":{"rendered":"CONDITIONS GENERALES D&rsquo;UTILISATION &#8211; CGU"},"content":{"rendered":"\n<p>Les pr\u00e9sentes conditions g\u00e9n\u00e9rales d\u2019utilisation ont pour objet de d\u00e9finir les modalit\u00e9s et conditions d\u2019utilisation du site https:\/\/abbae.fr\/.<\/p>\n\n\n\n<p>Les pr\u00e9sentes conditions g\u00e9n\u00e9rales d\u2019utilisation ont pour objet de d\u00e9finir les modalit\u00e9s et conditions d\u2019utilisation du site https:\/\/abbae.fr\/.<\/p>\n\n\n\n<h3 class=\"wp-block-heading\">Objectif et qualit\u00e9 des contenus<\/h3>\n\n\n\n<p>Ce site a pour objectif de communiquer du contenu informatif sur les produits ou services propos\u00e9s par l\u2019\u00e9diteur du site. Le site s\u2019efforce de fournir une information de qualit\u00e9 et v\u00e9rifi\u00e9e. Si vous constatez une erreur typographique ou si une information vous semble inexacte, merci de nous en informer en nous adressant un email. Le site est susceptible d\u2019\u00eatre compl\u00e9t\u00e9 ou modifi\u00e9, \u00e0 tout moment, notamment en fonction des \u00e9volutions technologiques.<\/p>\n\n\n\n<h3 class=\"wp-block-heading\">Acc\u00e8s &amp; Utilisation du site<\/h3>\n\n\n\n<p>Tout abus dans l\u2019acc\u00e8s ou l\u2019utilisation du site ou tout autre usage que celui auquel il est destin\u00e9, sont interdits. Il \u00e9galement strictement interdit de mettre en p\u00e9ril l\u2019int\u00e9grit\u00e9, l\u2019utilisation ou les conditions de fonctionnement du serveur ou d\u2019interf\u00e9rer ou de tenter d\u2019interf\u00e9rer avec le bon fonctionnement du site. L\u2019acc\u00e8s au site peut \u00eatre suspendu pour des raisons de maintenance ou de mise \u00e0 jour, pour une cause due \u00e0 la survenance d\u2019un cas fortuit ou de force majeure habituellement reconnu par la jurisprudence fran\u00e7aise.<\/p>\n\n\n\n<h3 class=\"wp-block-heading\">Propri\u00e9t\u00e9 intellectuelle<\/h3>\n\n\n\n<p>Le site internet ainsi que son contenu est prot\u00e9g\u00e9 au titre des droits de propri\u00e9t\u00e9 intellectuelle au profit de l\u2019\u00e9diteur du site. Il est interdit de copier, reproduire, extraire, diffuser, tout ou partie, du site ou de ses \u00e9l\u00e9ments, sur quelque support que ce soit sans l\u2019accord \u00e9crit et pr\u00e9alable de l\u2019\u00e9diteur du site. Le non-respect de ces droits peut engager les responsabilit\u00e9s civile et p\u00e9nale du contrevenant.<\/p>\n\n\n\n<p>Les photographies, images, illustrations et vid\u00e9os du site sont la propri\u00e9t\u00e9 pleine et enti\u00e8re de l\u2019\u00e9diteur du site.<\/p>\n\n\n\n<p>Certaines photographies, images et illustrations du site ont \u00e9t\u00e9 achet\u00e9es ou t\u00e9l\u00e9charg\u00e9es gratuitement sur le\/les site(s) suivant : https:\/\/unsplash.com\/.<\/p>\n\n\n\n<h3 class=\"wp-block-heading\">Donn\u00e9es Personnelles<\/h3>\n\n\n\n<p>L\u2019\u00e9diteur du site s&rsquo;engage \u00e0 ce que la collecte et le traitement des donn\u00e9es personnelles effectu\u00e9s \u00e0 partir du pr\u00e9sent site soient conformes au RGPD et \u00e0 la loi Informatique et Libert\u00e9s.<\/p>\n\n\n\n<p>Il vous informe que les donn\u00e9es personnelles recueillies via le(s) formulaire(s) (exemples : contact, newsletter) font l\u2019objet d\u2019un traitement informatique par l\u2019\u00e9diteur du site destin\u00e9 \u00e0 la gestion des demandes des internautes et\/ou \u00e0 l\u2019inscription \u00e0 la newsletter. La base l\u00e9gale de ce traitement est l\u2019int\u00e9r\u00eat l\u00e9gitime de l\u2019\u00e9diteur du site. Les donn\u00e9es trait\u00e9es, qui sont nom, adresse mail, sont issues de l\u2019enregistrement des diff\u00e9rents champs remplis sur le(s) formulaire(s) par l\u2019utilisateur du site.<\/p>\n\n\n\n<p>Les donn\u00e9es personnelles collect\u00e9es ne sont pas transf\u00e9r\u00e9es dans un pays hors de l\u2019Union Europ\u00e9enne.<\/p>\n\n\n\n<p>Les donn\u00e9es personnelles collect\u00e9es via notre site web sont conserv\u00e9es pendant une dur\u00e9e de 3 ans \u00e0 compter du jour de leur collecte ou bien tant que la personne concern\u00e9e ne se d\u00e9sinscrit pas ou en nous adressant une demande par email \u00e0 l&rsquo;adresse : <a href=\"mailto:abb@abbae.fr\">abb@abbae.fr<\/a><\/p>\n\n\n\n<p>Conform\u00e9ment \u00e0 la l\u00e9gislation sur la protection des donn\u00e9es \u00e0 caract\u00e8re personnel, vous b\u00e9n\u00e9ficiez d\u2019un droit d\u2019acc\u00e8s, de rectification, de suppression, de portabilit\u00e9 aux informations qui vous concernent, que vous pouvez exercer en nous adressant un e-mail \u00e0 l\u2019adresse : <a href=\"mailto:abb@abbae.fr\">abb@abbae.fr<\/a><\/p>\n\n\n\n<p>Vous pouvez consulter le site cnil.fr pour plus d\u2019informations sur vos droits.<\/p>\n\n\n\n<p>Vous pouvez \u00e9galement, pour des motifs l\u00e9gitimes, vous opposer au traitement des donn\u00e9es vous concernant. Si vous estimez, apr\u00e8s nous avoir contact\u00e9s, que vos droits &lsquo; Informatique et Libert\u00e9s &lsquo;, ne sont pas respect\u00e9s, vous pouvez introduire une r\u00e9clamation aupr\u00e8s de la CNIL.<\/p>\n\n\n\n<p>Les informations \u00e9chang\u00e9es \u00e0 l\u2019occasion d\u2019une session sur les pages du site sont s\u00e9curis\u00e9es par un protocole HTTPS.<\/p>\n\n\n\n<h3 class=\"wp-block-heading\">Les liens hypertextes<\/h3>\n\n\n\n<p>Il est interdit de mettre en place un lien hypertexte vers le pr\u00e9sent site sans l\u2019accord \u00e9crit et pr\u00e9alable de l\u2019\u00e9diteur. En aucun cas, ce dernier ne peut \u00eatre tenu pour responsable du contenu des sites qui font l\u2019objet d\u2019un lien hypertexte \u00e0 partir du pr\u00e9sent site.<\/p>\n\n\n\n<h3 class=\"wp-block-heading\">Droit applicable &amp; Juridiction comp\u00e9tente<\/h3>\n\n\n\n<p>Le pr\u00e9sent site est r\u00e9gi par le droit fran\u00e7ais et rel\u00e8ve de la comp\u00e9tence exclusive des tribunaux du lieu du si\u00e8ge social pour une personne morale ou du domicile pour une personne physique, de l\u2019\u00e9diteur du site.<\/p>\n","protected":false},"excerpt":{"rendered":"<p>Les pr\u00e9sentes conditions g\u00e9n\u00e9rales d\u2019utilisation ont pour objet de d\u00e9finir les modalit\u00e9s et conditions d\u2019utilisation du site https:\/\/abbae.fr\/. Les pr\u00e9sentes conditions g\u00e9n\u00e9rales d\u2019utilisation ont pour objet<span class=\"excerpt-hellip\"> [\u2026]<\/span><\/p>\n","protected":false},"author":2,"featured_media":0,"parent":0,"menu_order":0,"comment_status":"closed","ping_status":"closed","template":"","meta":{"footnotes":""},"class_list":["post-192","page","type-page","status-publish","hentry"],"aioseo_notices":[],"_links":{"self":[{"href":"https:\/\/abbae.fr\/index.php\/wp-json\/wp\/v2\/pages\/192","targetHints":{"allow":["GET"]}}],"collection":[{"href":"https:\/\/abbae.fr\/index.php\/wp-json\/wp\/v2\/pages"}],"about":[{"href":"https:\/\/abbae.fr\/index.php\/wp-json\/wp\/v2\/types\/page"}],"author":[{"embeddable":true,"href":"https:\/\/abbae.fr\/index.php\/wp-json\/wp\/v2\/users\/2"}],"replies":[{"embeddable":true,"href":"https:\/\/abbae.fr\/index.php\/wp-json\/wp\/v2\/comments?post=192"}],"version-history":[{"count":2,"href":"https:\/\/abbae.fr\/index.php\/wp-json\/wp\/v2\/pages\/192\/revisions"}],"predecessor-version":[{"id":194,"href":"https:\/\/abbae.fr\/index.php\/wp-json\/wp\/v2\/pages\/192\/revisions\/194"}],"wp:attachment":[{"href":"https:\/\/abbae.fr\/index.php\/wp-json\/wp\/v2\/media?parent=192"}],"curies":[{"name":"wp","href":"https:\/\/api.w.org\/{rel}","templated":true}]}}