{"id":3,"date":"2022-05-09T13:08:23","date_gmt":"2022-05-09T11:08:23","guid":{"rendered":"https:\/\/abbae.fr\/?page_id=3"},"modified":"2024-06-04T16:34:03","modified_gmt":"2024-06-04T14:34:03","slug":"politique-de-confidentialite","status":"publish","type":"page","link":"https:\/\/abbae.fr\/index.php\/politique-de-confidentialite\/","title":{"rendered":"Politique de confidentialit\u00e9"},"content":{"rendered":"\n<h2 class=\"wp-block-heading\">POLITIQUE DE CONFIDENTIALITE (OU DES COOKIES)<\/h2>\n\n\n\n<p>Un &lsquo;cookie&rsquo; est un fichier de taille limit\u00e9e, g\u00e9n\u00e9ralement constitu\u00e9 de lettres et de chiffres, envoy\u00e9 par le serveur internet au fichier cookie du navigateur situ\u00e9 sur le disque dur de votre ordinateur.<\/p>\n\n\n\n<p>Le site utilise des cookies dits &lsquo; n\u00e9cessaires &lsquo; (exemples : les cookies &lsquo; identifiants de session &lsquo;, d\u2019authentification etc.) qui sont absolument essentiels au bon fonctionnement du site. Cette cat\u00e9gorie de cookies comprend uniquement les cookies qui garantissent les fonctionnalit\u00e9s de base et les fonctionnalit\u00e9s de s\u00e9curit\u00e9 du site. Ces cookies ne stockent aucune donn\u00e9e personnelle et par cons\u00e9quent, ne requi\u00e8rent pas le consentement des internautes.<\/p>\n\n\n\n<p>Le site utilise \u00e9galement des cookies dits &lsquo; non n\u00e9cessaires &lsquo; qui ne sont pas particuli\u00e8rement n\u00e9cessaires au fonctionnement du site et qui sont utilis\u00e9s sp\u00e9cifiquement pour collecter des donn\u00e9es personnelles des utilisateurs, pour lesquels Il est obligatoire d&rsquo;obtenir le consentement des utilisateurs avant d&rsquo;ex\u00e9cuter ces cookies sur le site. A savoir des cookies ayant pour finalit\u00e9s : cookies n\u00e9cessaires<\/p>\n\n\n\n<p>Conform\u00e9ment \u00e0 la l\u00e9gislation, les donn\u00e9es de fr\u00e9quentation du site ainsi que les cookies permettant la tra\u00e7abilit\u00e9 des internautes et les adresses IP ne sont pas conserv\u00e9s au-del\u00e0 de 13 mois \u00e0 compter de la premi\u00e8re visite.<\/p>\n\n\n\n<p>Conform\u00e9ment aux recommandations de la CNIL, vous pouvez, \u00e0 tout moment, effacer les cookies pr\u00e9sents sur votre ordinateur en passant par les r\u00e9glages de votre navigateur.<\/p>\n\n\n\n<p>Voir ci-dessous en fonction de votre navigateur : Safari 8+ :<\/p>\n\n\n\n<ol class=\"wp-block-list\">\n<li>Ouvrez le menu Safari et cliquez sur Effacer l\u2019historique<\/li>\n<\/ol>\n\n\n\n<ul class=\"wp-block-list\">\n<li>S\u00e9lectionnez tout l&rsquo;historique puis cliquez sur Effacer l\u2019historique.<\/li>\n<\/ul>\n\n\n\n<ul class=\"wp-block-list\">\n<li>Red\u00e9marrez votre navigateur.<\/li>\n<\/ul>\n\n\n\n<p>Safari 7 :<\/p>\n\n\n\n<ol class=\"wp-block-list\">\n<li>Ouvrez le menu Safari et cliquez sur R\u00e9initialiser Safari.<\/li>\n<\/ol>\n\n\n\n<ul class=\"wp-block-list\">\n<li>Assurez-vous d&rsquo;avoir coch\u00e9 la case Supprimer toutes les donn\u00e9es de sites web puis cliquez sur R\u00e9initialiser.<\/li>\n<\/ul>\n\n\n\n<ul class=\"wp-block-list\">\n<li>Red\u00e9marrez votre navigateur.<\/li>\n<\/ul>\n\n\n\n<p>Internet Explorer :<\/p>\n\n\n\n<ol class=\"wp-block-list\">\n<li>Cliquez sur le rouage en haut \u00e0 droite de la fen\u00eatre du navigateur, passez la souris sur S\u00e9curit\u00e9 et s\u00e9lectionnez Supprimer l\u2019historique de navigation.<\/li>\n<\/ol>\n\n\n\n<ul class=\"wp-block-list\">\n<li>D\u00e9cochez Conserver les donn\u00e9es des sites Web favoris en haut du menu.<\/li>\n<\/ul>\n\n\n\n<ul class=\"wp-block-list\">\n<li>Assurez-vous que les cases Fichiers Internet temporaires et Cookies sont coch\u00e9es, puis cliquez sur le bouton Supprimer.<\/li>\n<\/ul>\n\n\n\n<ul class=\"wp-block-list\">\n<li>Cliquez sur OK pour fermer le menu, puis fermez et relancez votre navigateur.<\/li>\n<\/ul>\n\n\n\n<p>Edge :<\/p>\n\n\n\n<ol class=\"wp-block-list\">\n<li>Cliquez sur &lsquo; &#8230; &lsquo; en haut \u00e0 droite de votre navigateur.<\/li>\n<\/ol>\n\n\n\n<ul class=\"wp-block-list\">\n<li>Dans Param\u00e8tres, faites d\u00e9filer la page jusqu&rsquo;\u00e0 trouver Effacer les donn\u00e9es de navigation et cliquez sur Choisir les \u00e9l\u00e9ments \u00e0 effacer.<\/li>\n<\/ul>\n\n\n\n<ul class=\"wp-block-list\">\n<li>D\u00e9cochez la case Donn\u00e9es de formulaires et Mots de passe, puis assurez-vous que les cases Fichiers et donn\u00e9es en cache et Cookies sont coch\u00e9es.<\/li>\n<\/ul>\n\n\n\n<ul class=\"wp-block-list\">\n<li>Cliquez sur le bouton Supprimer.<\/li>\n<\/ul>\n\n\n\n<ul class=\"wp-block-list\">\n<li>Cliquez de nouveau sur &lsquo; &#8230; &lsquo; pour fermer le menu, puis fermez et relancez votre navigateur.<\/li>\n<\/ul>\n\n\n\n<p>Google Chrome :<\/p>\n\n\n\n<ol class=\"wp-block-list\">\n<li>Cliquez sur le menu en haut \u00e0 droite.<\/li>\n<\/ol>\n\n\n\n<ul class=\"wp-block-list\">\n<li>Passez la souris sur Plus d&rsquo;outils puis sur Effacer les donn\u00e9es de navigation.<\/li>\n<\/ul>\n\n\n\n<ul class=\"wp-block-list\">\n<li>Pour Effacer les \u00e9l\u00e9ments : s\u00e9lectionnez tous.<\/li>\n<\/ul>\n\n\n\n<ul class=\"wp-block-list\">\n<li>Assurez-vous que les cases Images et fichiers en cache et Cookies et autres donn\u00e9es de site et de plug-in soient coch\u00e9es puis cliquez sur Effacer les donn\u00e9es de navigation.<\/li>\n<\/ul>\n\n\n\n<ul class=\"wp-block-list\">\n<li>Red\u00e9marrez votre navigateur.<\/li>\n<\/ul>\n\n\n\n<p>Pour Firefox :<\/p>\n\n\n\n<ol class=\"wp-block-list\">\n<li>S\u00e9lectionnez le menu en haut \u00e0 droite (?) et cliquez sur Historique, Effacer l&rsquo;historique r\u00e9cent puis cochez la case Cookies.<\/li>\n<\/ol>\n\n\n\n<ul class=\"wp-block-list\">\n<li>En face d&rsquo;Intervalle \u00e0 effacer, s\u00e9lectionnez tout.<\/li>\n<\/ul>\n\n\n\n<ul class=\"wp-block-list\">\n<li>Assurez-vous que la case Cache soit coch\u00e9e dans la section D\u00e9tails, puis cliquez sur Effacer Maintenant.<\/li>\n<\/ul>\n\n\n\n<ul class=\"wp-block-list\">\n<li>Red\u00e9marrez votre navigateur.<\/li>\n<\/ul>\n","protected":false},"excerpt":{"rendered":"<p>POLITIQUE DE CONFIDENTIALITE (OU DES COOKIES) Un &lsquo;cookie&rsquo; est un fichier de taille limit\u00e9e, g\u00e9n\u00e9ralement constitu\u00e9 de lettres et de chiffres, envoy\u00e9 par le serveur internet<span class=\"excerpt-hellip\"> [\u2026]<\/span><\/p>\n","protected":false},"author":1,"featured_media":0,"parent":0,"menu_order":0,"comment_status":"closed","ping_status":"open","template":"","meta":{"footnotes":""},"class_list":["post-3","page","type-page","status-publish","hentry"],"aioseo_notices":[],"_links":{"self":[{"href":"https:\/\/abbae.fr\/index.php\/wp-json\/wp\/v2\/pages\/3","targetHints":{"allow":["GET"]}}],"collection":[{"href":"https:\/\/abbae.fr\/index.php\/wp-json\/wp\/v2\/pages"}],"about":[{"href":"https:\/\/abbae.fr\/index.php\/wp-json\/wp\/v2\/types\/page"}],"author":[{"embeddable":true,"href":"https:\/\/abbae.fr\/index.php\/wp-json\/wp\/v2\/users\/1"}],"replies":[{"embeddable":true,"href":"https:\/\/abbae.fr\/index.php\/wp-json\/wp\/v2\/comments?post=3"}],"version-history":[{"count":1,"href":"https:\/\/abbae.fr\/index.php\/wp-json\/wp\/v2\/pages\/3\/revisions"}],"predecessor-version":[{"id":190,"href":"https:\/\/abbae.fr\/index.php\/wp-json\/wp\/v2\/pages\/3\/revisions\/190"}],"wp:attachment":[{"href":"https:\/\/abbae.fr\/index.php\/wp-json\/wp\/v2\/media?parent=3"}],"curies":[{"name":"wp","href":"https:\/\/api.w.org\/{rel}","templated":true}]}}